{"id":12,"date":"2025-03-25T15:12:04","date_gmt":"2025-03-25T14:12:04","guid":{"rendered":"https:\/\/dev-wp.patapom.fr\/?page_id=12"},"modified":"2025-06-30T09:56:20","modified_gmt":"2025-06-30T07:56:20","slug":"cgv","status":"publish","type":"page","link":"https:\/\/dev-wp.patapom.fr\/en\/cgv\/","title":{"rendered":"Terms and Conditions"},"content":{"rendered":"<div data-elementor-type=\"wp-page\" data-elementor-id=\"12\" class=\"elementor elementor-12\" data-elementor-post-type=\"page\">\n\t\t\t\t<div class=\"elementor-element elementor-element-536f4407 e-flex e-con-boxed e-con e-parent\" data-id=\"536f4407\" data-element_type=\"container\">\n\t\t\t\t\t<div class=\"e-con-inner\">\n\t\t\t\t<div class=\"elementor-element elementor-element-44b2c49 elementor-widget elementor-widget-spacer\" data-id=\"44b2c49\" data-element_type=\"widget\" data-widget_type=\"spacer.default\">\n\t\t\t\t<div class=\"elementor-widget-container\">\n\t\t\t\t\t\t\t<div class=\"elementor-spacer\">\n\t\t\t<div class=\"elementor-spacer-inner\"><\/div>\n\t\t<\/div>\n\t\t\t\t\t\t<\/div>\n\t\t\t\t<\/div>\n\t\t\t\t<div class=\"elementor-element elementor-element-38520b3f elementor-widget elementor-widget-text-editor\" data-id=\"38520b3f\" data-element_type=\"widget\" data-widget_type=\"text-editor.default\">\n\t\t\t\t<div class=\"elementor-widget-container\">\n\t\t\t\t\t\t\t\t\t<h1 data-start=\"1023\" data-end=\"1228\">Terms and Conditions<\/h1><p data-start=\"1023\" data-end=\"1228\"><strong data-start=\"1023\" data-end=\"1036\">Preamble<\/strong><br data-start=\"1036\" data-end=\"1039\" \/>These terms govern sales made on<a class=\"\" href=\"http:\/\/www.patapom.fr\" target=\"_new\" rel=\"noopener\">www.patapom.fr<\/a>between the artist Patricia Perrier (seller) and any person (customer) making a purchase through the website.<\/p><p data-start=\"1230\" data-end=\"1471\"><strong data-start=\"1230\" data-end=\"1245\">1. Products<\/strong><br data-start=\"1245\" data-end=\"1248\" \/>The products offered are original artworks or art reproductions. Each product page provides a detailed description. Photos are as accurate as possible but may show slight differences.<\/p><p data-start=\"1473\" data-end=\"1637\"><strong data-start=\"1473\" data-end=\"1484\">2. Prices<\/strong><br data-start=\"1484\" data-end=\"1487\" \/>Prices are indicated in euros, including VAT (5.5%). Shipping is free.<\/p><p data-start=\"1639\" data-end=\"1757\"><strong data-start=\"1639\" data-end=\"1654\">3. Order<\/strong><br data-start=\"1654\" data-end=\"1657\" \/>Orders are confirmed once payment is validated. The buyer will receive a confirmation email.<\/p><p data-start=\"1759\" data-end=\"1864\"><strong data-start=\"1759\" data-end=\"1774\">4. Payment<\/strong><br data-start=\"1774\" data-end=\"1777\" \/>Payments are securely processed via MyPos.<\/p><p data-start=\"1866\" data-end=\"2091\"><strong data-start=\"1866\" data-end=\"1882\">5. Delivery<\/strong><br data-start=\"1882\" data-end=\"1885\" \/>Orders are shipped within 5 to 15 business days unless otherwise stated. For reproductions, shipping may take longer during printer holidays. Delivery times may vary depending on the destination. The artist cannot be held responsible for delays caused by carriers.<\/p><p data-start=\"2093\" data-end=\"2283\"><strong data-start=\"2093\" data-end=\"2121\">6. Right of Withdrawal<\/strong><br data-start=\"2121\" data-end=\"2124\" \/>Customers have a 14-day period from receipt to exercise their right of withdrawal, except for personalized or made-to-order artworks.<\/p><p data-start=\"2285\" data-end=\"2480\"><strong data-start=\"2285\" data-end=\"2299\">7. Returns<\/strong><br data-start=\"2299\" data-end=\"2302\" \/>If you are disappointed upon receiving an original artwork, we cover the return shipping costs (this has never happened, but one never knows!). Return shipping for reproductions is the customer\u2019s responsibility. The artwork must be returned in its original condition. Refunds are processed within 14 days of receipt.<\/p><p data-start=\"2482\" data-end=\"2649\"><strong data-start=\"2482\" data-end=\"2509\">8. Personal Data<\/strong><br data-start=\"2509\" data-end=\"2512\" \/>Collected data is used solely for order processing or customer relations. See the Privacy Policy.<\/p><p data-start=\"2651\" data-end=\"2781\"><strong data-start=\"2651\" data-end=\"2665\">9. Disputes<\/strong><br data-start=\"2665\" data-end=\"2668\" \/>In case of dispute, an amicable solution will be sought. Failing that, French courts shall have exclusive jurisdiction.<\/p>\t\t\t\t\t\t\t\t<\/div>\n\t\t\t\t<\/div>\n\t\t\t\t\t<\/div>\n\t\t\t\t<\/div>\n\t\t\t\t<\/div>","protected":false},"excerpt":{"rendered":"<p>Conditions G\u00e9n\u00e9rales de Vente Pr\u00e9ambuleLes pr\u00e9sentes conditions r\u00e9gissent les ventes r\u00e9alis\u00e9es sur le site [www.patapom.fr] entre l\u2019artiste Patricia Perrier (vendeuse) et toute personne (client) proc\u00e9dant \u00e0 un achat via le site. 1. ProduitsLes produits propos\u00e9s sont des \u0153uvres originales ou des reproductions d\u2019art. Chaque fiche produit pr\u00e9sente une description d\u00e9taill\u00e9e. Les photos sont les plus [&hellip;]<\/p>","protected":false},"author":1,"featured_media":0,"parent":0,"menu_order":0,"comment_status":"closed","ping_status":"closed","template":"","meta":{"_acf_changed":false,"footnotes":""},"class_list":["post-12","page","type-page","status-publish","hentry"],"acf":[],"_links":{"self":[{"href":"https:\/\/dev-wp.patapom.fr\/en\/wp-json\/wp\/v2\/pages\/12","targetHints":{"allow":["GET"]}}],"collection":[{"href":"https:\/\/dev-wp.patapom.fr\/en\/wp-json\/wp\/v2\/pages"}],"about":[{"href":"https:\/\/dev-wp.patapom.fr\/en\/wp-json\/wp\/v2\/types\/page"}],"author":[{"embeddable":true,"href":"https:\/\/dev-wp.patapom.fr\/en\/wp-json\/wp\/v2\/users\/1"}],"replies":[{"embeddable":true,"href":"https:\/\/dev-wp.patapom.fr\/en\/wp-json\/wp\/v2\/comments?post=12"}],"version-history":[{"count":7,"href":"https:\/\/dev-wp.patapom.fr\/en\/wp-json\/wp\/v2\/pages\/12\/revisions"}],"predecessor-version":[{"id":780,"href":"https:\/\/dev-wp.patapom.fr\/en\/wp-json\/wp\/v2\/pages\/12\/revisions\/780"}],"wp:attachment":[{"href":"https:\/\/dev-wp.patapom.fr\/en\/wp-json\/wp\/v2\/media?parent=12"}],"curies":[{"name":"wp","href":"https:\/\/api.w.org\/{rel}","templated":true}]}}